{"id":353,"date":"2024-12-21T16:27:00","date_gmt":"2024-12-21T16:27:00","guid":{"rendered":"https:\/\/lepremieratelier.ro\/?page_id=353"},"modified":"2025-05-20T12:12:49","modified_gmt":"2025-05-20T12:12:49","slug":"politica-de-rambursare-si-returnare","status":"publish","type":"page","link":"https:\/\/lepremieratelier.ro\/en\/politica-de-rambursare-si-returnare\/","title":{"rendered":"Politica de rambursare \u0219i returnare"},"content":{"rendered":"<div data-elementor-type=\"wp-page\" data-elementor-id=\"353\" class=\"elementor elementor-353\" data-elementor-settings=\"{&quot;element_pack_global_tooltip_width&quot;:{&quot;unit&quot;:&quot;px&quot;,&quot;size&quot;:&quot;&quot;,&quot;sizes&quot;:[]},&quot;element_pack_global_tooltip_width_tablet&quot;:{&quot;unit&quot;:&quot;px&quot;,&quot;size&quot;:&quot;&quot;,&quot;sizes&quot;:[]},&quot;element_pack_global_tooltip_width_mobile&quot;:{&quot;unit&quot;:&quot;px&quot;,&quot;size&quot;:&quot;&quot;,&quot;sizes&quot;:[]},&quot;element_pack_global_tooltip_padding&quot;:{&quot;unit&quot;:&quot;px&quot;,&quot;top&quot;:&quot;&quot;,&quot;right&quot;:&quot;&quot;,&quot;bottom&quot;:&quot;&quot;,&quot;left&quot;:&quot;&quot;,&quot;isLinked&quot;:true},&quot;element_pack_global_tooltip_padding_tablet&quot;:{&quot;unit&quot;:&quot;px&quot;,&quot;top&quot;:&quot;&quot;,&quot;right&quot;:&quot;&quot;,&quot;bottom&quot;:&quot;&quot;,&quot;left&quot;:&quot;&quot;,&quot;isLinked&quot;:true},&quot;element_pack_global_tooltip_padding_mobile&quot;:{&quot;unit&quot;:&quot;px&quot;,&quot;top&quot;:&quot;&quot;,&quot;right&quot;:&quot;&quot;,&quot;bottom&quot;:&quot;&quot;,&quot;left&quot;:&quot;&quot;,&quot;isLinked&quot;:true},&quot;element_pack_global_tooltip_border_radius&quot;:{&quot;unit&quot;:&quot;px&quot;,&quot;top&quot;:&quot;&quot;,&quot;right&quot;:&quot;&quot;,&quot;bottom&quot;:&quot;&quot;,&quot;left&quot;:&quot;&quot;,&quot;isLinked&quot;:true},&quot;element_pack_global_tooltip_border_radius_tablet&quot;:{&quot;unit&quot;:&quot;px&quot;,&quot;top&quot;:&quot;&quot;,&quot;right&quot;:&quot;&quot;,&quot;bottom&quot;:&quot;&quot;,&quot;left&quot;:&quot;&quot;,&quot;isLinked&quot;:true},&quot;element_pack_global_tooltip_border_radius_mobile&quot;:{&quot;unit&quot;:&quot;px&quot;,&quot;top&quot;:&quot;&quot;,&quot;right&quot;:&quot;&quot;,&quot;bottom&quot;:&quot;&quot;,&quot;left&quot;:&quot;&quot;,&quot;isLinked&quot;:true}}\">\n\t\t\t\t<div class=\"elementor-element elementor-element-044e32a e-flex e-con-boxed e-con e-parent\" data-id=\"044e32a\" data-element_type=\"container\">\n\t\t\t\t\t<div class=\"e-con-inner\">\n\t\t<div class=\"elementor-element elementor-element-3c0be4e e-con-full e-flex e-con e-child\" data-id=\"3c0be4e\" data-element_type=\"container\">\n\t\t\t\t<div class=\"elementor-element elementor-element-09fd8e6 elementor-widget elementor-widget-heading\" data-id=\"09fd8e6\" data-element_type=\"widget\" data-widget_type=\"heading.default\">\n\t\t\t\t<div class=\"elementor-widget-container\">\n\t\t\t\t\t<h2 class=\"elementor-heading-title elementor-size-default\">Politica de rambursare \u0219i returnare<\/h2>\t\t\t\t<\/div>\n\t\t\t\t<\/div>\n\t\t\t\t<\/div>\n\t\t\t\t\t<\/div>\n\t\t\t\t<\/div>\n\t\t<div class=\"elementor-element elementor-element-288c533 e-flex e-con-boxed e-con e-parent\" data-id=\"288c533\" data-element_type=\"container\">\n\t\t\t\t\t<div class=\"e-con-inner\">\n\t\t<div class=\"elementor-element elementor-element-30f92b4 e-con-full e-flex e-con e-child\" data-id=\"30f92b4\" data-element_type=\"container\">\n\t\t\t\t<div class=\"elementor-element elementor-element-c71d75b elementor-widget elementor-widget-text-editor\" data-id=\"c71d75b\" data-element_type=\"widget\" data-widget_type=\"text-editor.default\">\n\t\t\t\t<div class=\"elementor-widget-container\">\n\t\t\t\t\t\t\t\t\t<p>POLITICA DE RETURNARE A PRODUSELOR SIGRID CHRISTINE SRL-D\u00a0<\/p><p class=\"whitespace-pre-wrap break-words\">13.1. Av\u00e2nd \u00een vedere natura perisabil\u0103 a produselor de ciocolat\u0103 comercializate, dreptul de retragere prev\u0103zut de OUG 34\/2014 nu se aplic\u0103 acestora. Totu\u0219i, oferim clien\u021bilor posibilitatea de a anula o comand\u0103, cu respectarea urm\u0103toarelor condi\u021bii:<br \/><br \/>a) Anularea comenzii trebuie solicitat\u0103 c\u00e2t mai rapid dup\u0103 plasarea comenzii,<br \/>telefonic, pentru a evita eventualul timp de a\u0219teptare, la num\u0103rul\u00a0<a href=\"tel:0740527480\">+40 734 926 558<\/a><br \/><br \/>b) Comenzile nu pot fi anulate dac\u0103 produsele sunt deja preg\u0103tite \u0219i\/sau sunt \u00een curs de livrare c\u0103tre adresa indicat\u0103.<br \/><br \/>c) Comenzile deja expediate nu vor putea fi anulate \u0219i nu vor fi rambursate, f\u0103r\u0103 a aduce atingere drepturilor legale ale consumatorului \u00een cazul produselor livrate cu defecte sau neconforme cu comanda.<\/p><p class=\"whitespace-pre-wrap break-words\">13.2. \u00cen cazul \u00een care anularea a fost solicitat\u0103 \u00een timp util \u0219i a fost acceptat\u0103 de SIGRID CHRISTINE SRL-D, suma aferent\u0103 comenzii va fi rambursat\u0103 clientului \u00een termen de maxim 14 zile calendaristice de la data accept\u0103rii anul\u0103rii, prin transfer bancar \u00een contul indicat de acesta.<br \/><br \/>Conform prevederilor Art. 16, litera (d) din OUG 34\/2014 privind drepturile consumatorilor, dreptul de retragere nu se aplic\u0103 \u00een cazul contractelor de furnizare a unor produse care sunt susceptibile a se deteriora sau a expira rapid, cum este cazul produselor de ciocolat\u0103. Prin urmare, cu excep\u021bia situa\u021biilor descrise la Sec\u021biunea 13 privind anularea comenzilor, produsele livrate conform comenzii ferme nu pot fi returate \u0219i nu se accept\u0103 retragerea din contract \u00een termen de 14 zile f\u0103r\u0103 invocarea unui motiv.<\/p>\t\t\t\t\t\t\t\t<\/div>\n\t\t\t\t<\/div>\n\t\t\t\t<\/div>\n\t\t\t\t\t<\/div>\n\t\t\t\t<\/div>\n\t\t\t\t<\/div>","protected":false},"excerpt":{"rendered":"<p>Politica de rambursare \u0219i returnare POLITICA DE RETURNARE A PRODUSELOR SIGRID CHRISTINE SRL-D\u00a0 13.1. Av\u00e2nd \u00een vedere natura perisabil\u0103 a produselor de [&hellip;]<\/p>","protected":false},"author":1,"featured_media":0,"parent":0,"menu_order":0,"comment_status":"closed","ping_status":"closed","template":"","meta":{"footnotes":""},"class_list":["post-353","page","type-page","status-publish","hentry"],"_links":{"self":[{"href":"https:\/\/lepremieratelier.ro\/en\/wp-json\/wp\/v2\/pages\/353","targetHints":{"allow":["GET"]}}],"collection":[{"href":"https:\/\/lepremieratelier.ro\/en\/wp-json\/wp\/v2\/pages"}],"about":[{"href":"https:\/\/lepremieratelier.ro\/en\/wp-json\/wp\/v2\/types\/page"}],"author":[{"embeddable":true,"href":"https:\/\/lepremieratelier.ro\/en\/wp-json\/wp\/v2\/users\/1"}],"replies":[{"embeddable":true,"href":"https:\/\/lepremieratelier.ro\/en\/wp-json\/wp\/v2\/comments?post=353"}],"version-history":[{"count":5,"href":"https:\/\/lepremieratelier.ro\/en\/wp-json\/wp\/v2\/pages\/353\/revisions"}],"predecessor-version":[{"id":1744,"href":"https:\/\/lepremieratelier.ro\/en\/wp-json\/wp\/v2\/pages\/353\/revisions\/1744"}],"wp:attachment":[{"href":"https:\/\/lepremieratelier.ro\/en\/wp-json\/wp\/v2\/media?parent=353"}],"curies":[{"name":"wp","href":"https:\/\/api.w.org\/{rel}","templated":true}]}}