{"id":287,"date":"2024-12-20T17:40:57","date_gmt":"2024-12-20T17:40:57","guid":{"rendered":"https:\/\/lepremieratelier.ro\/?post_type=product&#038;p=287"},"modified":"2026-01-04T20:42:28","modified_gmt":"2026-01-04T20:42:28","slug":"ciocolata-dubai-varianta-mica","status":"publish","type":"product","link":"https:\/\/lepremieratelier.ro\/en\/product\/ciocolata-dubai-varianta-mica\/","title":{"rendered":"Ciocolat\u0103 Dubai mic\u0103"},"content":{"rendered":"<p><strong>Gramaj<\/strong>: 120 gr<\/p>\n<p><strong>Termen de valabilitate<\/strong>: 3 luni de la data produc\u021biei<\/p>\n<p>Ciocolata Dubai s-a n\u0103scut din pasiunea pentru lux \u0219i creativitate care define\u0219te acest ora\u0219 emblematic. Produc\u0103torii locali \u0219i interna\u021bionali au dezvoltat branduri \u0219i sortimente unice, menite s\u0103 \u00eenc\u00e2nte at\u00e2t consumatorii sofistica\u021bi, c\u00e2t \u0219i turi\u0219tii din toate col\u021burile lumii.<\/p>\n<p>Re\u021beta noastr\u0103 este rezultatul unui proces \u00eendelungat de cercetare \u0219i rafinare continu\u0103.<\/p>\n<p><strong>Ingrediente<\/strong>:<\/p>\n<p>Ciocolat\u0103 cu lapte 32%: mas\u0103 de cacao 32%, zah\u0103r, unt de cacao, lapte praf integral, emulgator lecitin\u0103 din soia, extract de vanilie<br \/>\nCiocolat\u0103 caramel 10%: ingrediente caramelizate (zah\u0103r, pudr\u0103 de caramel, unt, zah\u0103r, sirop de glucoz\u0103, lapte praf integral), emulgator lecitin\u0103 E322, sare<br \/>\nPast\u0103 de fistic 5%<br \/>\nFistic 10%<br \/>\nCiocolat\u0103 alb\u0103 30%: lapte praf, unt de cacao, vanilin\u0103, lecitin\u0103<br \/>\nPast\u0103 kadaif 23%: f\u0103in\u0103 de gr\u00e2u, ulei vegetal, f\u0103in\u0103 de porumb, sare, conservant lecitin\u0103 E202<\/p>\n<p><strong>Alergeni<\/strong>: Produsul con\u021bine soia, lapte \u0219i derivate, fructe \u00een coaj\u0103 lemnoas\u0103 (migdale \u0219i fistic), arahide \u0219i gluten.<\/p>\n<p><strong>Depozitare<\/strong>: Se p\u0103streaz\u0103 \u00een locuri \u00eentunecate, uscate, ferite de lumina soarelui, la temperaturi \u00eentre 12 \u2013 20\u00b0C \u0219i umiditate de maxim 70%.<\/p>","protected":false},"excerpt":{"rendered":"<p>Ciocolata Dubai este o delicates\u0103 rafinat\u0103, inspirat\u0103 din tradi\u021biile orientale. Aceast\u0103 ciocolat\u0103 artizanal\u0103 combin\u0103 ingrediente premium precum fisticul crocant \u0219i kataiful fin, oferind o experien\u021b\u0103 gustativ\u0103 unic\u0103.<\/p>\n<p>Gramaj: 120 gr<\/p>","protected":false},"featured_media":320,"template":"","meta":[],"product_brand":[],"product_cat":[14],"product_tag":[],"class_list":{"0":"post-287","1":"product","2":"type-product","3":"status-publish","4":"has-post-thumbnail","6":"product_cat-ciocolata","8":"first","9":"instock","10":"shipping-taxable","11":"purchasable","12":"product-type-simple"},"_links":{"self":[{"href":"https:\/\/lepremieratelier.ro\/en\/wp-json\/wp\/v2\/product\/287","targetHints":{"allow":["GET"]}}],"collection":[{"href":"https:\/\/lepremieratelier.ro\/en\/wp-json\/wp\/v2\/product"}],"about":[{"href":"https:\/\/lepremieratelier.ro\/en\/wp-json\/wp\/v2\/types\/product"}],"wp:featuredmedia":[{"embeddable":true,"href":"https:\/\/lepremieratelier.ro\/en\/wp-json\/wp\/v2\/media\/320"}],"wp:attachment":[{"href":"https:\/\/lepremieratelier.ro\/en\/wp-json\/wp\/v2\/media?parent=287"}],"wp:term":[{"taxonomy":"product_brand","embeddable":true,"href":"https:\/\/lepremieratelier.ro\/en\/wp-json\/wp\/v2\/product_brand?post=287"},{"taxonomy":"product_cat","embeddable":true,"href":"https:\/\/lepremieratelier.ro\/en\/wp-json\/wp\/v2\/product_cat?post=287"},{"taxonomy":"product_tag","embeddable":true,"href":"https:\/\/lepremieratelier.ro\/en\/wp-json\/wp\/v2\/product_tag?post=287"}],"curies":[{"name":"wp","href":"https:\/\/api.w.org\/{rel}","templated":true}]}}